{"id":1171,"date":"2023-07-09T07:45:16","date_gmt":"2023-07-09T10:45:16","guid":{"rendered":"http:\/\/bioclone.com.br\/?page_id=1171"},"modified":"2023-07-15T14:15:58","modified_gmt":"2023-07-15T17:15:58","slug":"home","status":"publish","type":"page","link":"http:\/\/bioclone.com.br\/","title":{"rendered":"Home"},"content":{"rendered":"\t\t<div data-elementor-type=\"wp-page\" data-elementor-id=\"1171\" class=\"elementor elementor-1171\">\n\t\t\t\t\t\t\t<div class=\"elementor-element elementor-element-76e2038 e-flex e-con-boxed e-con\" data-id=\"76e2038\" data-element_type=\"container\" data-settings=\"{&quot;background_background&quot;:&quot;classic&quot;,&quot;content_width&quot;:&quot;boxed&quot;}\">\n\t\t\t\t\t<div class=\"e-con-inner\">\n\t\t\t\t<div class=\"elementor-element elementor-element-1dbbfae elementor-widget elementor-widget-heading\" data-id=\"1dbbfae\" data-element_type=\"widget\" data-widget_type=\"heading.default\">\n\t\t\t\t<div class=\"elementor-widget-container\">\n\t\t\t<style>\/*! elementor - v3.14.0 - 26-06-2023 *\/\n.elementor-heading-title{padding:0;margin:0;line-height:1}.elementor-widget-heading .elementor-heading-title[class*=elementor-size-]>a{color:inherit;font-size:inherit;line-height:inherit}.elementor-widget-heading .elementor-heading-title.elementor-size-small{font-size:15px}.elementor-widget-heading .elementor-heading-title.elementor-size-medium{font-size:19px}.elementor-widget-heading .elementor-heading-title.elementor-size-large{font-size:29px}.elementor-widget-heading .elementor-heading-title.elementor-size-xl{font-size:39px}.elementor-widget-heading .elementor-heading-title.elementor-size-xxl{font-size:59px}<\/style><h2 class=\"elementor-heading-title elementor-size-default\">Produzimos aqui dentro, para voc\u00ea cultivar l\u00e1 fora.<\/h2>\t\t<\/div>\n\t\t\t\t<\/div>\n\t\t\t\t<div class=\"elementor-element elementor-element-ea7012b elementor-widget elementor-widget-heading\" data-id=\"ea7012b\" data-element_type=\"widget\" data-widget_type=\"heading.default\">\n\t\t\t\t<div class=\"elementor-widget-container\">\n\t\t\t<h2 class=\"elementor-heading-title elementor-size-default\">A melhor gen\u00e9tica voc\u00ea encontra aqui<\/h2>\t\t<\/div>\n\t\t\t\t<\/div>\n\t\t\t\t\t<\/div>\n\t\t\t\t<\/div>\n\t\t<div class=\"elementor-element elementor-element-7332ee0 e-flex e-con-boxed e-con\" data-id=\"7332ee0\" data-element_type=\"container\" data-settings=\"{&quot;content_width&quot;:&quot;boxed&quot;}\">\n\t\t\t\t\t<div class=\"e-con-inner\">\n\t\t<div class=\"elementor-element elementor-element-b1a7320 e-con-full e-flex e-con\" data-id=\"b1a7320\" data-element_type=\"container\" data-settings=\"{&quot;content_width&quot;:&quot;full&quot;}\">\n\t\t\t\t<div class=\"elementor-element elementor-element-a0bb883 elementor-widget elementor-widget-image\" data-id=\"a0bb883\" data-element_type=\"widget\" data-widget_type=\"image.default\">\n\t\t\t\t<div class=\"elementor-widget-container\">\n\t\t\t<style>\/*! elementor - v3.14.0 - 26-06-2023 *\/\n.elementor-widget-image{text-align:center}.elementor-widget-image a{display:inline-block}.elementor-widget-image a img[src$=\".svg\"]{width:48px}.elementor-widget-image img{vertical-align:middle;display:inline-block}<\/style>\t\t\t\t\t\t\t\t\t\t\t\t<img loading=\"lazy\" decoding=\"async\" width=\"1080\" height=\"1066\" src=\"http:\/\/bioclone.com.br\/wp-content\/uploads\/2023\/07\/1688828800902-1.jpg\" class=\"attachment-full size-full wp-image-1078\" alt=\"\" srcset=\"http:\/\/bioclone.com.br\/wp-content\/uploads\/2023\/07\/1688828800902-1.jpg 1080w, http:\/\/bioclone.com.br\/wp-content\/uploads\/2023\/07\/1688828800902-1-300x296.jpg 300w, http:\/\/bioclone.com.br\/wp-content\/uploads\/2023\/07\/1688828800902-1-1024x1011.jpg 1024w, http:\/\/bioclone.com.br\/wp-content\/uploads\/2023\/07\/1688828800902-1-768x758.jpg 768w\" sizes=\"auto, (max-width: 1080px) 100vw, 1080px\" \/>\t\t\t\t\t\t\t\t\t\t\t\t\t\t\t<\/div>\n\t\t\t\t<\/div>\n\t\t\t\t<\/div>\n\t\t<div class=\"elementor-element elementor-element-22c9a7c e-con-full e-flex e-con\" data-id=\"22c9a7c\" data-element_type=\"container\" data-settings=\"{&quot;content_width&quot;:&quot;full&quot;}\">\n\t\t\t\t<div class=\"elementor-element elementor-element-f90ca66 elementor-widget elementor-widget-heading\" data-id=\"f90ca66\" data-element_type=\"widget\" data-widget_type=\"heading.default\">\n\t\t\t\t<div class=\"elementor-widget-container\">\n\t\t\t<h2 class=\"elementor-heading-title elementor-size-default\">Ol\u00e1 somos a<\/h2>\t\t<\/div>\n\t\t\t\t<\/div>\n\t\t\t\t<div class=\"elementor-element elementor-element-22916e9 elementor-widget elementor-widget-heading\" data-id=\"22916e9\" data-element_type=\"widget\" data-widget_type=\"heading.default\">\n\t\t\t\t<div class=\"elementor-widget-container\">\n\t\t\t<h2 class=\"elementor-heading-title elementor-size-default\">Bioclone<\/h2>\t\t<\/div>\n\t\t\t\t<\/div>\n\t\t\t\t<div class=\"elementor-element elementor-element-abc6e57 elementor-widget__width-initial elementor-widget elementor-widget-text-editor\" data-id=\"abc6e57\" data-element_type=\"widget\" data-widget_type=\"text-editor.default\">\n\t\t\t\t<div class=\"elementor-widget-container\">\n\t\t\t<style>\/*! elementor - v3.14.0 - 26-06-2023 *\/\n.elementor-widget-text-editor.elementor-drop-cap-view-stacked .elementor-drop-cap{background-color:#69727d;color:#fff}.elementor-widget-text-editor.elementor-drop-cap-view-framed .elementor-drop-cap{color:#69727d;border:3px solid;background-color:transparent}.elementor-widget-text-editor:not(.elementor-drop-cap-view-default) .elementor-drop-cap{margin-top:8px}.elementor-widget-text-editor:not(.elementor-drop-cap-view-default) .elementor-drop-cap-letter{width:1em;height:1em}.elementor-widget-text-editor .elementor-drop-cap{float:left;text-align:center;line-height:1;font-size:50px}.elementor-widget-text-editor .elementor-drop-cap-letter{display:inline-block}<\/style>\t\t\t\t<p>A micropropaga\u00e7\u00e3o \u00e9 uma t\u00e9cnica de controle de plantas que permite a produ\u00e7\u00e3o em massa de plantas geneticamente observadas em um curto per\u00edodo de tempo. Tamb\u00e9m conhecido como cultura de tecidos vegetais ou clonagem in vitro.<\/p><p>Atrav\u00e9s desta t\u00e9cnica conseguimos, a partir de uma \u00fanica planta, multiplicar v\u00e1rias outras, ou seja produzir clones da planta m\u00e3e.<br \/>E tudo isso porque as plantas conseguem se regenerar a partir de um pequeno conjunto de c\u00e9lulas, isto se as c\u00e9lulas estiverem em um ambiente espec\u00edfico que estimule a regenera\u00e7\u00e3o. Dentro de um laborat\u00f3rio \u00e9 poss\u00edvel obter um ambiente perfeito para a regenera\u00e7\u00e3o das plantas, com o uso de solu\u00e7\u00f5es de macro e micro nutrientes adequadas para cada esp\u00e9cie e algumas vezes com o uso de reguladores de crescimento vegetal conseguimos a regenera\u00e7\u00e3o e multiplica\u00e7\u00e3o de plantas.<\/p>\t\t\t\t\t\t<\/div>\n\t\t\t\t<\/div>\n\t\t\t\t<\/div>\n\t\t\t\t\t<\/div>\n\t\t\t\t<\/div>\n\t\t<div class=\"elementor-element elementor-element-bd6390c e-flex e-con-boxed e-con\" data-id=\"bd6390c\" data-element_type=\"container\" data-settings=\"{&quot;content_width&quot;:&quot;boxed&quot;}\">\n\t\t\t\t\t<div class=\"e-con-inner\">\n\t\t\t\t<div class=\"elementor-element elementor-element-0bd3abd elementor-widget elementor-widget-heading\" data-id=\"0bd3abd\" data-element_type=\"widget\" data-widget_type=\"heading.default\">\n\t\t\t\t<div class=\"elementor-widget-container\">\n\t\t\t<h2 class=\"elementor-heading-title elementor-size-default\">Por que comprar mudas produzidas in vitro?<\/h2>\t\t<\/div>\n\t\t\t\t<\/div>\n\t\t<div class=\"elementor-element elementor-element-00aa0e9 e-con-full e-flex e-con\" data-id=\"00aa0e9\" data-element_type=\"container\" data-settings=\"{&quot;content_width&quot;:&quot;full&quot;}\">\n\t\t\t\t<div class=\"elementor-element elementor-element-c3d7901 elementor-widget__width-initial elementor-view-default elementor-mobile-position-top elementor-vertical-align-top elementor-widget elementor-widget-icon-box\" data-id=\"c3d7901\" data-element_type=\"widget\" data-widget_type=\"icon-box.default\">\n\t\t\t\t<div class=\"elementor-widget-container\">\n\t\t\t<link rel=\"stylesheet\" href=\"http:\/\/bioclone.com.br\/wp-content\/plugins\/elementor\/assets\/css\/widget-icon-box.min.css\">\t\t<div class=\"elementor-icon-box-wrapper\">\n\t\t\t\t\t\t<div class=\"elementor-icon-box-icon\">\n\t\t\t\t<span class=\"elementor-icon elementor-animation-\" >\n\t\t\t\t<i aria-hidden=\"true\" class=\"fas fa-flask\"><\/i>\t\t\t\t<\/span>\n\t\t\t<\/div>\n\t\t\t\t\t\t<div class=\"elementor-icon-box-content\">\n\t\t\t\t<h3 class=\"elementor-icon-box-title\">\n\t\t\t\t\t<span  >\n\t\t\t\t\t\tGen\u00e9tica\t\t\t\t\t<\/span>\n\t\t\t\t<\/h3>\n\t\t\t\t\t\t\t\t\t<p class=\"elementor-icon-box-description\">\n\t\t\t\t\t\tA micropropaga\u00e7\u00e3o possibilita a obten\u00e7\u00e3o de um elevado n\u00famero de mudas em um curto espa\u00e7o de tempo, pois as pl\u00e2ntulas s\u00e3o cultivadas em potes vedados e permanecem em sala de crescimento em condi\u00e7\u00f5es que simulam o ambiente externo, com luz e temperatura controladas.\t\t\t\t\t<\/p>\n\t\t\t\t\t\t\t<\/div>\n\t\t<\/div>\n\t\t\t\t<\/div>\n\t\t\t\t<\/div>\n\t\t\t\t<div class=\"elementor-element elementor-element-32d85d8 elementor-widget__width-initial elementor-view-default elementor-mobile-position-top elementor-vertical-align-top elementor-widget elementor-widget-icon-box\" data-id=\"32d85d8\" data-element_type=\"widget\" data-widget_type=\"icon-box.default\">\n\t\t\t\t<div class=\"elementor-widget-container\">\n\t\t\t\t\t<div class=\"elementor-icon-box-wrapper\">\n\t\t\t\t\t\t<div class=\"elementor-icon-box-icon\">\n\t\t\t\t<span class=\"elementor-icon elementor-animation-\" >\n\t\t\t\t<i aria-hidden=\"true\" class=\"fas fa-tree\"><\/i>\t\t\t\t<\/span>\n\t\t\t<\/div>\n\t\t\t\t\t\t<div class=\"elementor-icon-box-content\">\n\t\t\t\t<h3 class=\"elementor-icon-box-title\">\n\t\t\t\t\t<span  >\n\t\t\t\t\t\tProdu\u00e7\u00e3o\t\t\t\t\t<\/span>\n\t\t\t\t<\/h3>\n\t\t\t\t\t\t\t\t\t<p class=\"elementor-icon-box-description\">\n\t\t\t\t\t\t A condi\u00e7\u00e3o \u00f3tima de crescimento faz com que as plantas se desenvolvam rapidamente e em grande quantidade, pois os frascos ocupam pouco espa\u00e7o. Por serem mantidas em um ambiente ass\u00e9ptico, \u00e9 poss\u00edvel garantir que as mudas n\u00e3o possuem doen\u00e7as ou pragas.\t\t\t\t\t<\/p>\n\t\t\t\t\t\t\t<\/div>\n\t\t<\/div>\n\t\t\t\t<\/div>\n\t\t\t\t<\/div>\n\t\t\t\t<div class=\"elementor-element elementor-element-08bee35 elementor-view-default elementor-mobile-position-top elementor-vertical-align-top elementor-widget elementor-widget-icon-box\" data-id=\"08bee35\" data-element_type=\"widget\" data-widget_type=\"icon-box.default\">\n\t\t\t\t<div class=\"elementor-widget-container\">\n\t\t\t\t\t<div class=\"elementor-icon-box-wrapper\">\n\t\t\t\t\t\t<div class=\"elementor-icon-box-icon\">\n\t\t\t\t<span class=\"elementor-icon elementor-animation-\" >\n\t\t\t\t<i aria-hidden=\"true\" class=\"fas fa-tractor\"><\/i>\t\t\t\t<\/span>\n\t\t\t<\/div>\n\t\t\t\t\t\t<div class=\"elementor-icon-box-content\">\n\t\t\t\t<h3 class=\"elementor-icon-box-title\">\n\t\t\t\t\t<span  >\n\t\t\t\t\t\tGanhos\t\t\t\t\t<\/span>\n\t\t\t\t<\/h3>\n\t\t\t\t\t\t\t\t\t<p class=\"elementor-icon-box-description\">\n\t\t\t\t\t\tO uso da micropropaga\u00e7\u00e3o j\u00e1 \u00e9 uma realidade, a tend\u00eancia \u00e9 que o n\u00famero de esp\u00e9cies propagadas por cultivo in vitro cres\u00e7a bastante, pois \u00e9 uma forma sustent\u00e1vel e r\u00e1pida de produ\u00e7\u00e3o, garante a qualidade gen\u00e9tica e sanit\u00e1ria do material e reduz a necessidade por grandes espa\u00e7os para produ\u00e7\u00e3o de mudas.\t\t\t\t\t<\/p>\n\t\t\t\t\t\t\t<\/div>\n\t\t<\/div>\n\t\t\t\t<\/div>\n\t\t\t\t<\/div>\n\t\t\t\t<\/div>\n\t\t\t\t\t<\/div>\n\t\t\t\t<\/div>\n\t\t<div class=\"elementor-element elementor-element-5e99775 e-flex e-con-boxed e-con\" data-id=\"5e99775\" data-element_type=\"container\" data-settings=\"{&quot;background_background&quot;:&quot;classic&quot;,&quot;content_width&quot;:&quot;boxed&quot;}\">\n\t\t\t\t\t<div class=\"e-con-inner\">\n\t\t\t\t\t<\/div>\n\t\t\t\t<\/div>\n\t\t\t\t\t\t\t<\/div>\n\t\t","protected":false},"excerpt":{"rendered":"<p>Produzimos aqui dentro, para voc\u00ea cultivar l\u00e1 fora. A melhor gen\u00e9tica voc\u00ea encontra aqui Ol\u00e1 somos a Bioclone A micropropaga\u00e7\u00e3o \u00e9 uma t\u00e9cnica de controle de plantas que permite a produ\u00e7\u00e3o em massa de plantas geneticamente observadas em um curto per\u00edodo de tempo. Tamb\u00e9m conhecido como cultura de tecidos vegetais ou clonagem in vitro. Atrav\u00e9s [&hellip;]<\/p>\n","protected":false},"author":1,"featured_media":0,"parent":0,"menu_order":0,"comment_status":"closed","ping_status":"closed","template":"elementor_header_footer","meta":{"footnotes":""},"class_list":["post-1171","page","type-page","status-publish","hentry"],"_links":{"self":[{"href":"http:\/\/bioclone.com.br\/index.php?rest_route=\/wp\/v2\/pages\/1171","targetHints":{"allow":["GET"]}}],"collection":[{"href":"http:\/\/bioclone.com.br\/index.php?rest_route=\/wp\/v2\/pages"}],"about":[{"href":"http:\/\/bioclone.com.br\/index.php?rest_route=\/wp\/v2\/types\/page"}],"author":[{"embeddable":true,"href":"http:\/\/bioclone.com.br\/index.php?rest_route=\/wp\/v2\/users\/1"}],"replies":[{"embeddable":true,"href":"http:\/\/bioclone.com.br\/index.php?rest_route=%2Fwp%2Fv2%2Fcomments&post=1171"}],"version-history":[{"count":37,"href":"http:\/\/bioclone.com.br\/index.php?rest_route=\/wp\/v2\/pages\/1171\/revisions"}],"predecessor-version":[{"id":1333,"href":"http:\/\/bioclone.com.br\/index.php?rest_route=\/wp\/v2\/pages\/1171\/revisions\/1333"}],"wp:attachment":[{"href":"http:\/\/bioclone.com.br\/index.php?rest_route=%2Fwp%2Fv2%2Fmedia&parent=1171"}],"curies":[{"name":"wp","href":"https:\/\/api.w.org\/{rel}","templated":true}]}}